{"id":31580,"date":"2024-11-08T08:18:31","date_gmt":"2024-11-08T11:18:31","guid":{"rendered":"https:\/\/www.santanadavargem.mg.gov.br\/novo\/?page_id=31580"},"modified":"2024-12-26T07:22:22","modified_gmt":"2024-12-26T10:22:22","slug":"certidao-negativa","status":"publish","type":"page","link":"https:\/\/www.santanadavargem.mg.gov.br\/novo\/certidao-negativa\/","title":{"rendered":"Certid\u00f5es Negativas"},"content":{"rendered":"\n<hr class=\"wp-block-separator has-text-color has-light-gray-color has-alpha-channel-opacity has-light-gray-background-color has-background is-style-wide\"\/>\n\n\n\n<div class=\"wp-block-columns is-layout-flex wp-container-core-columns-is-layout-1 wp-block-columns-is-layout-flex\">\n<div class=\"wp-block-column is-layout-flow wp-block-column-is-layout-flow\">\n<p class=\"has-text-align-center\"><strong>Certid\u00e3o Negativa de Im\u00f3vel<\/strong><\/p>\n\n\n<div class=\"wp-block-image\">\n<figure class=\"aligncenter size-large is-resized\"><a href=\"https:\/\/e-gov.betha.com.br\/cdweb\/resource.faces?params=OVQ0TE4r6L8yO45Gr5ugVA==\"><img loading=\"lazy\" decoding=\"async\" width=\"895\" height=\"1024\" src=\"http:\/\/www.santanadavargem.mg.gov.br\/wp-content\/uploads\/2024\/05\/certidao-negativa-imovel-895x1024.jpg\" alt=\"\" class=\"wp-image-27634\" style=\"width:165px;height:auto\" srcset=\"https:\/\/www.santanadavargem.mg.gov.br\/novo\/wp-content\/uploads\/2024\/05\/certidao-negativa-imovel-895x1024.jpg 895w, https:\/\/www.santanadavargem.mg.gov.br\/novo\/wp-content\/uploads\/2024\/05\/certidao-negativa-imovel-262x300.jpg 262w, https:\/\/www.santanadavargem.mg.gov.br\/novo\/wp-content\/uploads\/2024\/05\/certidao-negativa-imovel-131x150.jpg 131w, https:\/\/www.santanadavargem.mg.gov.br\/novo\/wp-content\/uploads\/2024\/05\/certidao-negativa-imovel-768x878.jpg 768w, https:\/\/www.santanadavargem.mg.gov.br\/novo\/wp-content\/uploads\/2024\/05\/certidao-negativa-imovel.jpg 1002w\" sizes=\"(max-width: 895px) 100vw, 895px\" \/><\/a><\/figure><\/div><\/div>\n<\/div>\n\n\n\n<hr class=\"wp-block-separator has-text-color has-light-gray-color has-alpha-channel-opacity has-light-gray-background-color has-background is-style-wide\"\/>\n\n\n\n<div class=\"wp-block-columns is-layout-flex wp-container-core-columns-is-layout-2 wp-block-columns-is-layout-flex\">\n<div class=\"wp-block-column is-layout-flow wp-block-column-is-layout-flow\">\n<p class=\"has-text-align-center\"><strong>Valida documentos emitidos<\/strong><\/p>\n\n\n<div class=\"wp-block-image\">\n<figure class=\"aligncenter size-full is-resized\"><a href=\"https:\/\/e-gov.betha.com.br\/cdweb\/resource.faces?params=OVQ0TE4r6L8ANdxgFCBmAg==\"><img loading=\"lazy\" decoding=\"async\" width=\"815\" height=\"889\" src=\"http:\/\/www.santanadavargem.mg.gov.br\/wp-content\/uploads\/2024\/05\/validacao-de-documentos.jpg\" alt=\"\" class=\"wp-image-27637\" style=\"width:175px;height:auto\" srcset=\"https:\/\/www.santanadavargem.mg.gov.br\/novo\/wp-content\/uploads\/2024\/05\/validacao-de-documentos.jpg 815w, https:\/\/www.santanadavargem.mg.gov.br\/novo\/wp-content\/uploads\/2024\/05\/validacao-de-documentos-275x300.jpg 275w, https:\/\/www.santanadavargem.mg.gov.br\/novo\/wp-content\/uploads\/2024\/05\/validacao-de-documentos-138x150.jpg 138w, https:\/\/www.santanadavargem.mg.gov.br\/novo\/wp-content\/uploads\/2024\/05\/validacao-de-documentos-768x838.jpg 768w\" sizes=\"(max-width: 815px) 100vw, 815px\" \/><\/a><\/figure><\/div><\/div>\n<\/div>\n\n\n\n<p><\/p>\n","protected":false},"excerpt":{"rendered":"<p>Emiss\u00e3o de Certid\u00e3o Negativa do Im\u00f3vel e do Econ\u00f4mico<\/p>\n","protected":false},"author":1,"featured_media":0,"parent":0,"menu_order":0,"comment_status":"closed","ping_status":"closed","template":"","meta":{"neve_meta_sidebar":"","neve_meta_container":"","neve_meta_enable_content_width":"","neve_meta_content_width":0,"neve_meta_title_alignment":"","neve_meta_author_avatar":"","neve_post_elements_order":"","neve_meta_disable_header":"","neve_meta_disable_footer":"","neve_meta_disable_title":"","neve_meta_reading_time":"","_themeisle_gutenberg_block_has_review":false,"footnotes":""},"class_list":["post-31580","page","type-page","status-publish","hentry"],"_links":{"self":[{"href":"https:\/\/www.santanadavargem.mg.gov.br\/novo\/wp-json\/wp\/v2\/pages\/31580"}],"collection":[{"href":"https:\/\/www.santanadavargem.mg.gov.br\/novo\/wp-json\/wp\/v2\/pages"}],"about":[{"href":"https:\/\/www.santanadavargem.mg.gov.br\/novo\/wp-json\/wp\/v2\/types\/page"}],"author":[{"embeddable":true,"href":"https:\/\/www.santanadavargem.mg.gov.br\/novo\/wp-json\/wp\/v2\/users\/1"}],"replies":[{"embeddable":true,"href":"https:\/\/www.santanadavargem.mg.gov.br\/novo\/wp-json\/wp\/v2\/comments?post=31580"}],"version-history":[{"count":6,"href":"https:\/\/www.santanadavargem.mg.gov.br\/novo\/wp-json\/wp\/v2\/pages\/31580\/revisions"}],"predecessor-version":[{"id":32067,"href":"https:\/\/www.santanadavargem.mg.gov.br\/novo\/wp-json\/wp\/v2\/pages\/31580\/revisions\/32067"}],"wp:attachment":[{"href":"https:\/\/www.santanadavargem.mg.gov.br\/novo\/wp-json\/wp\/v2\/media?parent=31580"}],"curies":[{"name":"wp","href":"https:\/\/api.w.org\/{rel}","templated":true}]}}